{"id":163,"date":"2018-02-05T11:50:41","date_gmt":"2018-02-05T10:50:41","guid":{"rendered":"http:\/\/www.pedalogic.fr\/wp\/?page_id=163"},"modified":"2021-12-01T16:47:30","modified_gmt":"2021-12-01T15:47:30","slug":"suivre-les-eleves","status":"publish","type":"page","link":"https:\/\/www.pedalogic.fr\/wp\/suivre-les-eleves\/","title":{"rendered":"Suivre les \u00e9l\u00e8ves"},"content":{"rendered":"<p>\u2022 P\u00e9daLogic est une application adapt\u00e9e \u00e0 toutes les p\u00e9dagogies: classiques, individualis\u00e9es, coop\u00e9ratives&#8230; \u00c9valuez, suivez, aidez vos \u00e9l\u00e8ves au quotidien !<\/p>\n<p>\u2022 C\u00f4t\u00e9 administratif, le bilan LSU se remplit enti\u00e8rement \u00e0 partir de vos \u00e9valuations de comp\u00e9tences en classe.<\/p>\n<p>\u2022 Le logiciel vous offre un aper\u00e7u du LSU et vous pouvez d\u00e9placer les croix d&rsquo;appr\u00e9ciation que P\u00e9daLogic a calcul\u00e9, modifier vos appr\u00e9ciations, rajouter ou masquer des comp\u00e9tences pour un\/plusieurs \u00e9l\u00e8ves&#8230;<\/p>\n<p>\u2022 Puis vous exportez le document sur votre profil <a href=\"https:\/\/www.education.gouv.fr\/le-livret-scolaire-unique-du-cp-la-troisieme-1979\" target=\"_blank\" rel=\"noopener\">LSU<\/a>. Pour cette op\u00e9ration, P\u00e9daLogic est\u00a0<a href=\"http:\/\/eduscol.education.fr\/cid108536\/interface-editeurs-avec-les-applications-nationales.html\" target=\"_blank\" rel=\"noopener noreferrer\">valid\u00e9e par le Minist\u00e8re<\/a>.<\/p>\n<p><img data-recalc-dims=\"1\" loading=\"lazy\" decoding=\"async\" data-attachment-id=\"748\" data-permalink=\"https:\/\/www.pedalogic.fr\/wp\/suivre-les-eleves\/capture-9\/\" data-orig-file=\"https:\/\/i0.wp.com\/www.pedalogic.fr\/wp\/wp-content\/uploads\/2018\/08\/Capture-2.png?fit=1102%2C541&amp;ssl=1\" data-orig-size=\"1102,541\" data-comments-opened=\"0\" data-image-meta=\"{&quot;aperture&quot;:&quot;0&quot;,&quot;credit&quot;:&quot;&quot;,&quot;camera&quot;:&quot;&quot;,&quot;caption&quot;:&quot;&quot;,&quot;created_timestamp&quot;:&quot;0&quot;,&quot;copyright&quot;:&quot;&quot;,&quot;focal_length&quot;:&quot;0&quot;,&quot;iso&quot;:&quot;0&quot;,&quot;shutter_speed&quot;:&quot;0&quot;,&quot;title&quot;:&quot;&quot;,&quot;orientation&quot;:&quot;0&quot;}\" data-image-title=\"Capture\" data-image-description=\"\" data-image-caption=\"\" data-medium-file=\"https:\/\/i0.wp.com\/www.pedalogic.fr\/wp\/wp-content\/uploads\/2018\/08\/Capture-2.png?fit=300%2C147&amp;ssl=1\" data-large-file=\"https:\/\/i0.wp.com\/www.pedalogic.fr\/wp\/wp-content\/uploads\/2018\/08\/Capture-2.png?fit=750%2C368&amp;ssl=1\" class=\"aligncenter wp-image-748 size-full\" src=\"https:\/\/i0.wp.com\/www.pedalogic.fr\/wp\/wp-content\/uploads\/2018\/08\/Capture-2.png?resize=750%2C368&#038;ssl=1\" alt=\"\" width=\"750\" height=\"368\" srcset=\"https:\/\/i0.wp.com\/www.pedalogic.fr\/wp\/wp-content\/uploads\/2018\/08\/Capture-2.png?w=1102&amp;ssl=1 1102w, https:\/\/i0.wp.com\/www.pedalogic.fr\/wp\/wp-content\/uploads\/2018\/08\/Capture-2.png?resize=300%2C147&amp;ssl=1 300w, https:\/\/i0.wp.com\/www.pedalogic.fr\/wp\/wp-content\/uploads\/2018\/08\/Capture-2.png?resize=768%2C377&amp;ssl=1 768w, https:\/\/i0.wp.com\/www.pedalogic.fr\/wp\/wp-content\/uploads\/2018\/08\/Capture-2.png?resize=1024%2C503&amp;ssl=1 1024w\" sizes=\"(max-width: 750px) 100vw, 750px\" \/><\/p>\n","protected":false},"excerpt":{"rendered":"<p>\u2022 P\u00e9daLogic est une application adapt\u00e9e \u00e0 toutes les p\u00e9dagogies: classiques, individualis\u00e9es, coop\u00e9ratives&#8230; \u00c9valuez, suivez, aidez vos \u00e9l\u00e8ves au quotidien ! \u2022 C\u00f4t\u00e9 administratif, le bilan LSU se remplit enti\u00e8rement \u00e0 partir de vos \u00e9valuations de comp\u00e9tences en classe. \u2022<\/p>\n","protected":false},"author":2,"featured_media":0,"parent":0,"menu_order":0,"comment_status":"closed","ping_status":"closed","template":"","meta":{"jetpack_post_was_ever_published":false,"footnotes":""},"jetpack_sharing_enabled":true,"jetpack_shortlink":"https:\/\/wp.me\/P9DlD1-2D","jetpack_likes_enabled":true,"jetpack-related-posts":[],"_links":{"self":[{"href":"https:\/\/www.pedalogic.fr\/wp\/wp-json\/wp\/v2\/pages\/163"}],"collection":[{"href":"https:\/\/www.pedalogic.fr\/wp\/wp-json\/wp\/v2\/pages"}],"about":[{"href":"https:\/\/www.pedalogic.fr\/wp\/wp-json\/wp\/v2\/types\/page"}],"author":[{"embeddable":true,"href":"https:\/\/www.pedalogic.fr\/wp\/wp-json\/wp\/v2\/users\/2"}],"replies":[{"embeddable":true,"href":"https:\/\/www.pedalogic.fr\/wp\/wp-json\/wp\/v2\/comments?post=163"}],"version-history":[{"count":18,"href":"https:\/\/www.pedalogic.fr\/wp\/wp-json\/wp\/v2\/pages\/163\/revisions"}],"predecessor-version":[{"id":1386,"href":"https:\/\/www.pedalogic.fr\/wp\/wp-json\/wp\/v2\/pages\/163\/revisions\/1386"}],"wp:attachment":[{"href":"https:\/\/www.pedalogic.fr\/wp\/wp-json\/wp\/v2\/media?parent=163"}],"curies":[{"name":"wp","href":"https:\/\/api.w.org\/{rel}","templated":true}]}}